{"id":10,"date":"2021-03-26T18:57:31","date_gmt":"2021-03-26T18:57:31","guid":{"rendered":"https:\/\/genscher-haus.ihrprojekt-dc.de\/?page_id=10"},"modified":"2024-05-22T15:37:02","modified_gmt":"2024-05-22T15:37:02","slug":"impressum","status":"publish","type":"page","link":"https:\/\/genscher-haus.ihrprojekt-dc.de\/index.php\/impressum\/","title":{"rendered":"Impressum"},"content":{"rendered":"<p>[et_pb_section fb_built=&#8220;1&#8243; admin_label=&#8220;section&#8220; _builder_version=&#8220;4.16&#8243; global_colors_info=&#8220;{}&#8220;][et_pb_row admin_label=&#8220;row&#8220; _builder_version=&#8220;4.16&#8243; background_size=&#8220;initial&#8220; background_position=&#8220;top_left&#8220; background_repeat=&#8220;repeat&#8220; global_colors_info=&#8220;{}&#8220;][et_pb_column type=&#8220;4_4&#8243; _builder_version=&#8220;4.16&#8243; custom_padding=&#8220;|||&#8220; global_colors_info=&#8220;{}&#8220; custom_padding__hover=&#8220;|||&#8220;][et_pb_text admin_label=&#8220;Text&#8220; _builder_version=&#8220;4.25.1&#8243; background_size=&#8220;initial&#8220; background_position=&#8220;top_left&#8220; background_repeat=&#8220;repeat&#8220; hover_enabled=&#8220;0&#8243; global_colors_info=&#8220;{}&#8220; sticky_enabled=&#8220;0&#8243;]<\/p>\n<p><strong>Impressum<\/strong><\/p>\n<p>Erhard-H\u00fcbener-Stiftung e.V.<br \/>Sch\u00f6nnewitzer Str. 9a<br \/>06116 Halle (Saale)<\/p>\n<p><strong>Vorstand<\/strong><\/p>\n<p>Detlef Bischoff (Vorsitzender)<\/p>\n<p>Den Vorstand des Vereines erreichen Sie unter:<\/p>\n<p>E-Mail:\u00a0huebenerstiftung@aol.com<br \/>Internetadresse:\u00a0www.<a href=\"https:\/\/www.simon-werbung.de\/\">ehst.org<\/a><\/p>\n<p>&nbsp;<\/p>\n<p><strong>Registereintrag<\/strong><\/p>\n<p>Eintragung im Vereinsregister<br \/>Registernummer: VR 20071<br \/>Registergericht: Amtsgericht Stendal<\/p>\n<p>Steuernummer: 110\/142\/44303<\/p>\n<p><strong>\u00a0<\/strong><\/p>\n<p><strong>Quellenangaben f\u00fcr die verwendeten Bilder und Grafiken<\/strong><\/p>\n<p>Erhard-H\u00fcbener-Stiftung Archiv<\/p>\n<p>&nbsp;<\/p>\n<p>&nbsp;<\/p>\n<p>&nbsp;<\/p>\n<p><em>Quelle:\u00a0<\/em><a href=\"http:\/\/www.muster-vorlagen.net\/\">Impressum-Generator Muster-Vorlagen.net<\/a><\/p>\n<p>&nbsp;<\/p>\n<p>[\/et_pb_text][\/et_pb_column][\/et_pb_row][\/et_pb_section]<\/p>\n","protected":false},"excerpt":{"rendered":"<p>Impressum Erhard-H\u00fcbener-Stiftung e.V.Sch\u00f6nnewitzer Str. 9a06116 Halle (Saale) Vorstand Detlef Bischoff (Vorsitzender) Den Vorstand des Vereines erreichen Sie unter: E-Mail:\u00a0huebenerstiftung@aol.comInternetadresse:\u00a0www.ehst.org &nbsp; Registereintrag Eintragung im VereinsregisterRegisternummer: VR 20071Registergericht: Amtsgericht Stendal Steuernummer: 110\/142\/44303 \u00a0 Quellenangaben f\u00fcr die verwendeten Bilder und Grafiken Erhard-H\u00fcbener-Stiftung Archiv &nbsp; &nbsp; &nbsp; Quelle:\u00a0Impressum-Generator Muster-Vorlagen.net &nbsp;<\/p>\n","protected":false},"author":1,"featured_media":0,"parent":0,"menu_order":100,"comment_status":"closed","ping_status":"closed","template":"","meta":{"_acf_changed":false,"_et_pb_use_builder":"on","_et_pb_old_content":"<strong>Impressum<\/strong>\r\n\r\nAngaben gem\u00e4\u00df \u00a7 5 TMG\r\n\r\nErhard-H\u00fcbener-Stiftung e.V.\r\nSch\u00f6nnewitzer Str. 9a\r\n06116 Halle (Saale)\r\n\r\n<strong>Vorstand<\/strong>\r\n\r\nDetlef Bischoff (Vorsitzender)\r\n\r\nDen Vorstand des Vereines erreichen Sie unter:\r\n\r\nE-Mail:\u00a0huebenerstiftung@aol.com\r\nInternetadresse:\u00a0www.<a href=\"https:\/\/www.simon-werbung.de\/\">ehst.org<\/a>\r\n\r\n\u00a0\r\n\r\n<strong>Registereintrag<\/strong>\r\n\r\nEintragung im Vereinsregister\r\nRegisternummer: VR 20071\r\nRegistergericht: Amtsgericht Stendal\r\n\r\nSteuernummer: 110\/142\/44303\r\n\r\n<strong>\u00a0<\/strong>\r\n\r\n<strong>Quellenangaben f\u00fcr die verwendeten Bilder und Grafiken<\/strong>\r\n\r\nErhard-H\u00fcbener-Stiftung Archiv\r\n\r\n<strong><em>Wenn Notwendig hier noch erg\u00e4nzen<\/em><\/strong>\r\n\r\n\u00a0\r\n\r\n<strong>Haftungsausschluss<\/strong>\r\n\r\n<strong>Haftung f\u00fcr Inhalte<\/strong>\r\n\r\nDie Inhalte unserer Seiten wurden mit gr\u00f6\u00dfter Sorgfalt erstellt. F\u00fcr die Richtigkeit, Vollst\u00e4ndigkeit und Aktualit\u00e4t der Inhalte k\u00f6nnen wir jedoch keine Gew\u00e4hr \u00fcbernehmen. Als Diensteanbieter sind wir gem\u00e4\u00df \u00a7 7 Abs.1 TMG f\u00fcr eigene Inhalte auf diesen Seiten nach den allgemeinen Gesetzen verantwortlich. Nach \u00a7\u00a7 8 bis 10 TMG sind wir als Diensteanbieter jedoch nicht verpflichtet, \u00fcbermittelte oder gespeicherte fremde Informationen zu \u00fcberwachen oder nach Umst\u00e4nden zu forschen, die auf eine rechtswidrige T\u00e4tigkeit hinweisen. Verpflichtungen zur Entfernung oder Sperrung der Nutzung von Informationen nach den allgemeinen Gesetzen bleiben hiervon unber\u00fchrt. Eine diesbez\u00fcgliche Haftung ist jedoch erst ab dem Zeitpunkt der Kenntnis einer konkreten Rechtsverletzung m\u00f6glich. Bei Bekanntwerden von entsprechenden Rechtsverletzungen werden wir diese Inhalte umgehend entfernen.\r\n\r\n<strong>\u00a0<\/strong>\r\n\r\n<strong>Haftung f\u00fcr Links<\/strong>\r\n\r\nUnser Angebot enth\u00e4lt Links zu externen Webseiten Dritter, auf deren Inhalte wir keinen Einfluss haben. Deshalb k\u00f6nnen wir f\u00fcr diese fremden Inhalte auch keine Gew\u00e4hr \u00fcbernehmen. F\u00fcr die Inhalte der verlinkten Seiten ist stets der jeweilige Anbieter oder Betreiber der Seiten verantwortlich. Die verlinkten Seiten wurden zum Zeitpunkt der Verlinkung auf m\u00f6gliche Rechtsverst\u00f6\u00dfe \u00fcberpr\u00fcft. Rechtswidrige Inhalte waren zum Zeitpunkt der Verlinkung nicht erkennbar. Eine permanente inhaltliche Kontrolle der verlinkten Seiten ist jedoch ohne konkrete Anhaltspunkte einer Rechtsverletzung nicht zumutbar. Bei Bekanntwerden von Rechtsverletzungen werden wir derartige Links umgehend entfernen.\r\n\r\n\u00a0\r\n\r\n<strong>Urheberrecht<\/strong>\r\n\r\nDie durch die Seitenbetreiber erstellten bzw. verwendeten Inhalte und Werke auf diesen Seiten unterliegen dem deutschen Urheberrecht. Die Vervielf\u00e4ltigung, Bearbeitung, Verbreitung und jede Art der Verwertung au\u00dferhalb der Grenzen des Urheberrechtes bed\u00fcrfen der Zustimmung des jeweiligen Autors bzw. Erstellers. Downloads und Kopien dieser Seite sind nur f\u00fcr den privaten, nicht kommerziellen Gebrauch gestattet. Soweit die Inhalte auf dieser Seite nicht vom Betreiber erstellt wurden, werden die Urheberrechte Dritter beachtet. Insbesondere werden Inhalte Dritter als solche gekennzeichnet. Sollten Sie trotzdem auf eine Urheberrechtsverletzung aufmerksam werden, bitten wir um einen entsprechenden Hinweis. Bei Bekanntwerden von Rechtsverletzungen werden wir derartige Inhalte umgehend entfernen.\r\n\r\n\u00a0\r\n\r\n<em>Quelle:\u00a0<\/em><a href=\"http:\/\/www.muster-vorlagen.net\/\">Impressum-Generator Muster-Vorlagen.net<\/a>\r\n\r\n\u00a0","_et_gb_content_width":"","footnotes":""},"class_list":["post-10","page","type-page","status-publish","hentry"],"acf":[],"_links":{"self":[{"href":"https:\/\/genscher-haus.ihrprojekt-dc.de\/index.php\/wp-json\/wp\/v2\/pages\/10","targetHints":{"allow":["GET"]}}],"collection":[{"href":"https:\/\/genscher-haus.ihrprojekt-dc.de\/index.php\/wp-json\/wp\/v2\/pages"}],"about":[{"href":"https:\/\/genscher-haus.ihrprojekt-dc.de\/index.php\/wp-json\/wp\/v2\/types\/page"}],"author":[{"embeddable":true,"href":"https:\/\/genscher-haus.ihrprojekt-dc.de\/index.php\/wp-json\/wp\/v2\/users\/1"}],"replies":[{"embeddable":true,"href":"https:\/\/genscher-haus.ihrprojekt-dc.de\/index.php\/wp-json\/wp\/v2\/comments?post=10"}],"version-history":[{"count":6,"href":"https:\/\/genscher-haus.ihrprojekt-dc.de\/index.php\/wp-json\/wp\/v2\/pages\/10\/revisions"}],"predecessor-version":[{"id":70,"href":"https:\/\/genscher-haus.ihrprojekt-dc.de\/index.php\/wp-json\/wp\/v2\/pages\/10\/revisions\/70"}],"wp:attachment":[{"href":"https:\/\/genscher-haus.ihrprojekt-dc.de\/index.php\/wp-json\/wp\/v2\/media?parent=10"}],"curies":[{"name":"wp","href":"https:\/\/api.w.org\/{rel}","templated":true}]}}