{"id":13,"date":"2021-03-27T09:03:26","date_gmt":"2021-03-27T09:03:26","guid":{"rendered":"https:\/\/genscher-haus.ihrprojekt-dc.de\/?page_id=13"},"modified":"2021-03-30T14:56:13","modified_gmt":"2021-03-30T14:56:13","slug":"start","status":"publish","type":"page","link":"https:\/\/genscher-haus.ihrprojekt-dc.de\/","title":{"rendered":"Start"},"content":{"rendered":"<p>[et_pb_section fb_built=&#8220;1&#8243; _builder_version=&#8220;4.9.2&#8243; _module_preset=&#8220;default&#8220; background_color=&#8220;rgba(224,153,0,0.19)&#8220; custom_padding=&#8220;||6px|||&#8220;][et_pb_row column_structure=&#8220;3_5,2_5&#8243; _builder_version=&#8220;4.9.2&#8243; _module_preset=&#8220;default&#8220; custom_margin=&#8220;-59px|auto||auto||&#8220;][et_pb_column type=&#8220;3_5&#8243; _builder_version=&#8220;4.9.2&#8243; _module_preset=&#8220;default&#8220;][et_pb_image src=&#8220;https:\/\/genscher-haus.ihrprojekt-dc.de\/wp-content\/uploads\/2021\/03\/anzeige.png&#8220; title_text=&#8220;anzeige&#8220; _builder_version=&#8220;4.9.2&#8243; _module_preset=&#8220;default&#8220;][\/et_pb_image][\/et_pb_column][et_pb_column type=&#8220;2_5&#8243; _builder_version=&#8220;4.9.2&#8243; _module_preset=&#8220;default&#8220;][et_pb_image src=&#8220;https:\/\/genscher-haus.ihrprojekt-dc.de\/wp-content\/uploads\/2021\/03\/Spendenaufruf-Genscherhaus.png&#8220; title_text=&#8220;Spendenaufruf-Genscherhaus&#8220; align=&#8220;center&#8220; _builder_version=&#8220;4.9.2&#8243; _module_preset=&#8220;default&#8220;][\/et_pb_image][et_pb_text _builder_version=&#8220;4.9.2&#8243; _module_preset=&#8220;default&#8220; header_2_line_height=&#8220;1.3em&#8220; custom_margin=&#8220;38px|||||&#8220; hover_enabled=&#8220;0&#8243; sticky_enabled=&#8220;0&#8243;]<\/p>\n<h2>Wir w\u00e4ren Ihnen sehr dankbar, wenn Sie unser Projekt<strong> \u201eModernisierung Genscherhaus\u201c<\/strong> mit Ihrer Spende unterst\u00fctzen.<\/h2>\n<p>Bitte nutzen Sie das Formular zum Download. Wir buchen den von Ihnen zugesagten Spendenbetrag von Ihrem Konto ab.<\/p>\n<p>Der Verein\u00a0<strong>GENSCHERHAUS \u2013 FREUNDESKREIS HANS-DIETRICH GENSCHER e.V.\u00a0<\/strong>unterst\u00fctzt die Erhaltung und Modernisierung des Hauses und ist gemeinn\u00fctzig. Sie erhalten dementsprechend von uns eine Spendenquittung \u00fcber Ihre Zuwendung.<\/p>\n<p>[\/et_pb_text][et_pb_code _builder_version=&#8220;4.9.2&#8243; _module_preset=&#8220;default&#8220;]<div class='w3eden'><!-- WPDM Link Template: Default Template -->\n\n<div class=\"link-template-default card mb-2\">\n    <div class=\"card-body\">\n        <div class=\"media\">\n            <div class=\"mr-3 img-48\"><img decoding=\"async\" class=\"wpdm_icon\" alt=\"Icon\"   src=\"https:\/\/genscher-haus.ihrprojekt-dc.de\/wp-content\/plugins\/download-manager\/assets\/file-type-icons\/pdf.png\" \/><\/div>\n            <div class=\"media-body\">\n                <h3 class=\"package-title\"><a href='https:\/\/genscher-haus.ihrprojekt-dc.de\/index.php\/download\/spendenaufruf-genscherhaus\/'>Spendenaufruf Genscherhaus<\/a><\/h3>\n                <div class=\"text-muted text-small\"><i class=\"fas fa-copy\"><\/i> 1 Datei(en) <i class=\"fas fa-hdd ml-3\"><\/i> 257.76 KB<\/div>\n            <\/div>\n            <div class=\"ml-3\">\n                <a class='wpdm-download-link download-on-click btn btn-primary ' rel='nofollow' href='#' data-downloadurl=\"https:\/\/genscher-haus.ihrprojekt-dc.de\/index.php\/download\/spendenaufruf-genscherhaus\/?wpdmdl=22&refresh=69e5f7cd8f4211776678861\">Download<\/a>\n            <\/div>\n        <\/div>\n    <\/div>\n<\/div>\n\n<\/div>[\/et_pb_code][\/et_pb_column][\/et_pb_row][\/et_pb_section][et_pb_section fb_built=&#8220;1&#8243; _builder_version=&#8220;4.9.2&#8243; _module_preset=&#8220;default&#8220;][et_pb_row _builder_version=&#8220;4.9.2&#8243; _module_preset=&#8220;default&#8220;][et_pb_column type=&#8220;4_4&#8243; _builder_version=&#8220;4.9.2&#8243; _module_preset=&#8220;default&#8220;][et_pb_text _builder_version=&#8220;4.9.2&#8243; _module_preset=&#8220;default&#8220;]<\/p>\n<h2>Sie m\u00f6chten uns als Vereinsmitglied unterst\u00fctzen?<\/h2>\n<p>[\/et_pb_text][\/et_pb_column][\/et_pb_row][et_pb_row column_structure=&#8220;1_2,1_2&#8243; _builder_version=&#8220;4.9.2&#8243; _module_preset=&#8220;default&#8220;][et_pb_column type=&#8220;1_2&#8243; _builder_version=&#8220;4.9.2&#8243; _module_preset=&#8220;default&#8220;][et_pb_code _builder_version=&#8220;4.9.2&#8243; _module_preset=&#8220;default&#8220;]<div class='w3eden'><!-- WPDM Link Template: Default Template -->\n\n<div class=\"link-template-default card mb-2\">\n    <div class=\"card-body\">\n        <div class=\"media\">\n            <div class=\"mr-3 img-48\"><img decoding=\"async\" class=\"wpdm_icon\" alt=\"Icon\"   src=\"https:\/\/genscher-haus.ihrprojekt-dc.de\/wp-content\/plugins\/download-manager\/assets\/file-type-icons\/pdf.png\" \/><\/div>\n            <div class=\"media-body\">\n                <h3 class=\"package-title\"><a href='https:\/\/genscher-haus.ihrprojekt-dc.de\/index.php\/download\/aufnahmeantrag-genscherhaus-freundeskreis-hdg-e-v\/'>Aufnahmeantrag Genscherhaus - Freundeskreis HDG e.V.<\/a><\/h3>\n                <div class=\"text-muted text-small\"><i class=\"fas fa-copy\"><\/i> 1 Datei(en) <i class=\"fas fa-hdd ml-3\"><\/i> 282.42 KB<\/div>\n            <\/div>\n            <div class=\"ml-3\">\n                <a class='wpdm-download-link download-on-click btn btn-primary ' rel='nofollow' href='#' data-downloadurl=\"https:\/\/genscher-haus.ihrprojekt-dc.de\/index.php\/download\/aufnahmeantrag-genscherhaus-freundeskreis-hdg-e-v\/?wpdmdl=25&refresh=69e5f7cd91e881776678861\">Download<\/a>\n            <\/div>\n        <\/div>\n    <\/div>\n<\/div>\n\n<\/div>[\/et_pb_code][\/et_pb_column][et_pb_column type=&#8220;1_2&#8243; _builder_version=&#8220;4.9.2&#8243; _module_preset=&#8220;default&#8220;][\/et_pb_column][\/et_pb_row][\/et_pb_section][et_pb_section fb_built=&#8220;1&#8243; _builder_version=&#8220;4.9.2&#8243; _module_preset=&#8220;default&#8220; custom_padding=&#8220;20px||4px|||&#8220;][et_pb_row _builder_version=&#8220;4.9.2&#8243; _module_preset=&#8220;default&#8220;][et_pb_column type=&#8220;4_4&#8243; _builder_version=&#8220;4.9.2&#8243; _module_preset=&#8220;default&#8220;][et_pb_text _builder_version=&#8220;4.9.2&#8243; _module_preset=&#8220;default&#8220;]<\/p>\n<p style=\"text-align: center;\"><a href=\"https:\/\/genscher-haus.ihrprojekt-dc.de\/index.php\/impressum\/\">Impressum<\/a> | <a href=\"https:\/\/genscher-haus.ihrprojekt-dc.de\/index.php\/datenschutzerklaerung\/\">Datenschutz<\/a><\/p>\n<p>[\/et_pb_text][\/et_pb_column][\/et_pb_row][\/et_pb_section]<\/p>\n","protected":false},"excerpt":{"rendered":"<p>Wir w\u00e4ren Ihnen sehr dankbar, wenn Sie unser Projekt \u201eModernisierung Genscherhaus\u201c mit Ihrer Spende unterst\u00fctzen. Bitte nutzen Sie das Formular zum Download. Wir buchen den von Ihnen zugesagten Spendenbetrag von Ihrem Konto ab. Der Verein\u00a0GENSCHERHAUS \u2013 FREUNDESKREIS HANS-DIETRICH GENSCHER e.V.\u00a0unterst\u00fctzt die Erhaltung und Modernisierung des Hauses und ist gemeinn\u00fctzig. Sie erhalten dementsprechend von uns eine [&hellip;]<\/p>\n","protected":false},"author":1,"featured_media":0,"parent":0,"menu_order":0,"comment_status":"closed","ping_status":"closed","template":"page-template-blank.php","meta":{"_acf_changed":false,"_et_pb_use_builder":"on","_et_pb_old_content":"","_et_gb_content_width":"","footnotes":""},"class_list":["post-13","page","type-page","status-publish","hentry"],"acf":[],"_links":{"self":[{"href":"https:\/\/genscher-haus.ihrprojekt-dc.de\/index.php\/wp-json\/wp\/v2\/pages\/13","targetHints":{"allow":["GET"]}}],"collection":[{"href":"https:\/\/genscher-haus.ihrprojekt-dc.de\/index.php\/wp-json\/wp\/v2\/pages"}],"about":[{"href":"https:\/\/genscher-haus.ihrprojekt-dc.de\/index.php\/wp-json\/wp\/v2\/types\/page"}],"author":[{"embeddable":true,"href":"https:\/\/genscher-haus.ihrprojekt-dc.de\/index.php\/wp-json\/wp\/v2\/users\/1"}],"replies":[{"embeddable":true,"href":"https:\/\/genscher-haus.ihrprojekt-dc.de\/index.php\/wp-json\/wp\/v2\/comments?post=13"}],"version-history":[{"count":14,"href":"https:\/\/genscher-haus.ihrprojekt-dc.de\/index.php\/wp-json\/wp\/v2\/pages\/13\/revisions"}],"predecessor-version":[{"id":67,"href":"https:\/\/genscher-haus.ihrprojekt-dc.de\/index.php\/wp-json\/wp\/v2\/pages\/13\/revisions\/67"}],"wp:attachment":[{"href":"https:\/\/genscher-haus.ihrprojekt-dc.de\/index.php\/wp-json\/wp\/v2\/media?parent=13"}],"curies":[{"name":"wp","href":"https:\/\/api.w.org\/{rel}","templated":true}]}}